{"id":25,"date":"2025-05-13T13:23:43","date_gmt":"2025-05-13T13:23:43","guid":{"rendered":"https:\/\/soledaddemo.pencidesign.net\/soledad-watch-store\/?page_id=25"},"modified":"2025-05-13T13:23:43","modified_gmt":"2025-05-13T13:23:43","slug":"refund_returns","status":"publish","type":"page","link":"https:\/\/proviinfor.media\/?page_id=25","title":{"rendered":"Politica di rimborso"},"content":{"rendered":"<p>\n    1. Disposizioni generali<br \/>\n    <br \/>\n    La presente Politica dei rimborsi ha lo scopo di delineare le procedure e le condizioni per i rimborsi quando i clienti non sono soddisfatti dei servizi forniti. La politica stabilisce regole e procedure chiare da applicare alle richieste di rimborso.\n<\/p>\n<p>2. Responsabilit\u00e0<br \/>\n    <br \/>\n    La societ\u00e0 Proviinfor SRLs si impegna a fornire servizi di alta qualit\u00e0 e a rispettare tutte le leggi e i regolamenti in materia di investimenti.\n<\/p>\n<p>3. Termini e condizioni dei rimborsi<br \/>\n    <br \/>\n    3.1 Transazioni involontarie: in caso di transazioni involontarie o di guasti tecnici che possono causare la perdita di fondi, la societ\u00e0 si impegna a rimborsare integralmente i fondi persi.<br \/>\n    <br \/>\n    3.2 Annullamento delle transazioni: Il cliente ha il diritto di annullare una transazione entro un certo intervallo di tempo dal momento della sua esecuzione. I rimborsi vengono effettuati secondo i termini e le commissioni stabiliti.<br \/>\n    <br \/>\n    3.3 Qualit\u00e0 insoddisfacente dei servizi: Nel caso in cui il cliente non sia soddisfatto della qualit\u00e0 dei servizi forniti, la societ\u00e0 esamina la richiesta di rimborso su base individuale e prende una decisione in conformit\u00e0 alle procedure interne.<br \/>\n    <br \/>\n    3.4 Transazioni proibite: i rimborsi non saranno emessi se la transazione \u00e8 legata ad azioni illegali o alla violazione della politica aziendale.\n<\/p>\n<p>4. Procedura di rimborso<br \/>\n    <br \/>\n    4.1 Presentazione della richiesta: il Cliente presenta una richiesta di rimborso contattando il team di assistenza tramite i dettagli di contatto forniti.<br \/>\n    <br \/>\n    4.2 Esame della richiesta: la richiesta di rimborso viene esaminata dall&#8217;azienda il prima possibile, di solito entro due settimane lavorative.<br \/>\n    <br \/>\n    4.3 Decisione: dopo aver esaminato la richiesta, la societ\u00e0 decider\u00e0 se emettere un rimborso o spiegare i motivi del rifiuto.<br \/>\n    <br \/>\n    4.4 Erogazione dei fondi: Se la decisione \u00e8 favorevole, la societ\u00e0 effettua il pagamento dei fondi sul conto del cliente nel pi\u00f9 breve tempo possibile.\n<\/p>\n<p>5. Condizioni finali<br \/>\n    <br \/>\n    Questa politica di rimborso \u00e8 parte integrante delle condizioni generali di utilizzo. La societ\u00e0 si riserva il diritto di apportare modifiche alla politica senza preavviso, ma le modifiche saranno pubblicate sul sito ufficiale della societ\u00e0.<\/p>\n","protected":false},"excerpt":{"rendered":"<p>1. Disposizioni generali La presente Politica dei rimborsi ha lo scopo di delineare le procedure e le condizioni per i rimborsi quando i clienti non sono soddisfatti dei servizi forniti.&hellip;<\/p>\n","protected":false},"author":1,"featured_media":0,"parent":0,"menu_order":0,"comment_status":"closed","ping_status":"closed","template":"","meta":{"footnotes":""},"class_list":["post-25","page","type-page","status-publish","hentry"],"_links":{"self":[{"href":"https:\/\/proviinfor.media\/index.php?rest_route=\/wp\/v2\/pages\/25","targetHints":{"allow":["GET"]}}],"collection":[{"href":"https:\/\/proviinfor.media\/index.php?rest_route=\/wp\/v2\/pages"}],"about":[{"href":"https:\/\/proviinfor.media\/index.php?rest_route=\/wp\/v2\/types\/page"}],"author":[{"embeddable":true,"href":"https:\/\/proviinfor.media\/index.php?rest_route=\/wp\/v2\/users\/1"}],"replies":[{"embeddable":true,"href":"https:\/\/proviinfor.media\/index.php?rest_route=%2Fwp%2Fv2%2Fcomments&post=25"}],"version-history":[{"count":1,"href":"https:\/\/proviinfor.media\/index.php?rest_route=\/wp\/v2\/pages\/25\/revisions"}],"predecessor-version":[{"id":2347,"href":"https:\/\/proviinfor.media\/index.php?rest_route=\/wp\/v2\/pages\/25\/revisions\/2347"}],"wp:attachment":[{"href":"https:\/\/proviinfor.media\/index.php?rest_route=%2Fwp%2Fv2%2Fmedia&parent=25"}],"curies":[{"name":"wp","href":"https:\/\/api.w.org\/{rel}","templated":true}]}}