{"id":2343,"date":"2025-05-13T13:23:10","date_gmt":"2025-05-13T13:23:10","guid":{"rendered":"https:\/\/proviinfor.media\/?page_id=2343"},"modified":"2025-05-13T13:23:10","modified_gmt":"2025-05-13T13:23:10","slug":"contatti","status":"publish","type":"page","link":"https:\/\/proviinfor.media\/?page_id=2343","title":{"rendered":"Contatti"},"content":{"rendered":"<p>Questo sito web \u00e8 di propriet\u00e0 di Proviinfor SRLs. Ci impegniamo a fornire informazioni pertinenti e utili ai nostri utenti.<\/p>\n<p>Nome della societ\u00e0: Proviinfor SRLs<br \/>\nIndirizzo legale: Via Santa Reparata, 28 R, 50129 Firenze FI, Italia<br \/>\nEmail: <a href=\"mailto:info@proviinfor.media\">info@proviinfor.media<\/a><br \/>\nTelefono: <a href=\"tel:+390552705491\">+390552705491<\/a><br \/>\nAmministratore delegato: Leonardo Marrese<br \/>\nNumero di registrazione: 1678050471<br \/>\nNome dell&#8217;autorit\u00e0 di registrazione: Studio legale Patrizio Notarangelo<br \/>\nIndirizzo dell&#8217;autorit\u00e0 di registrazione: Via Gino Capponi, 10, 50121 Firenze FI, Italia<\/p>\n<p>\n    <b>Copyright:<\/b><br \/>\n    <br \/>\n    Tutto il materiale presente sul nostro sito web, compresi testi, immagini, grafica, design e software, \u00e8 protetto da copyright. Ne \u00e8 vietato l&#8217;uso o la distribuzione senza l&#8217;autorizzazione del titolare del copyright.\n<\/p>\n<p>\n    <b>Informazioni di contatto:<\/b><br \/>\n    <br \/>\n    In caso di domande o commenti relativi al nostro sito web o alla nostra azienda, si prega di contattarci utilizzando le informazioni di contatto elencate sopra.\n<\/p>\n<p>\n    <b>Informativa sulla privacy:<\/b><br \/>\n    <br \/>\n    Rispettiamo la vostra privacy e proteggiamo le vostre informazioni personali. Per ulteriori informazioni, consultare la nostra <a href=\"https:\/\/proviinfor.media\/?page_id=3\">politica sulla privacy<\/a>.<\/p>\n","protected":false},"excerpt":{"rendered":"<p>Questo sito web \u00e8 di propriet\u00e0 di Proviinfor SRLs. Ci impegniamo a fornire informazioni pertinenti e utili ai nostri utenti. Nome della societ\u00e0: Proviinfor SRLs Indirizzo legale: Via Santa Reparata,&hellip;<\/p>\n","protected":false},"author":1,"featured_media":0,"parent":0,"menu_order":0,"comment_status":"closed","ping_status":"closed","template":"","meta":{"footnotes":""},"class_list":["post-2343","page","type-page","status-publish","hentry"],"_links":{"self":[{"href":"https:\/\/proviinfor.media\/index.php?rest_route=\/wp\/v2\/pages\/2343","targetHints":{"allow":["GET"]}}],"collection":[{"href":"https:\/\/proviinfor.media\/index.php?rest_route=\/wp\/v2\/pages"}],"about":[{"href":"https:\/\/proviinfor.media\/index.php?rest_route=\/wp\/v2\/types\/page"}],"author":[{"embeddable":true,"href":"https:\/\/proviinfor.media\/index.php?rest_route=\/wp\/v2\/users\/1"}],"replies":[{"embeddable":true,"href":"https:\/\/proviinfor.media\/index.php?rest_route=%2Fwp%2Fv2%2Fcomments&post=2343"}],"version-history":[{"count":1,"href":"https:\/\/proviinfor.media\/index.php?rest_route=\/wp\/v2\/pages\/2343\/revisions"}],"predecessor-version":[{"id":2345,"href":"https:\/\/proviinfor.media\/index.php?rest_route=\/wp\/v2\/pages\/2343\/revisions\/2345"}],"wp:attachment":[{"href":"https:\/\/proviinfor.media\/index.php?rest_route=%2Fwp%2Fv2%2Fmedia&parent=2343"}],"curies":[{"name":"wp","href":"https:\/\/api.w.org\/{rel}","templated":true}]}}