{"id":12,"date":"2021-10-02T01:57:59","date_gmt":"2021-10-02T01:57:59","guid":{"rendered":"https:\/\/soledaddemo.pencidesign.net\/soledad-watch-store\/?page_id=12"},"modified":"2025-05-13T14:12:35","modified_gmt":"2025-05-13T14:12:35","slug":"about-us","status":"publish","type":"page","link":"https:\/\/proviinfor.media\/?page_id=12","title":{"rendered":"Chi siamo"},"content":{"rendered":"\t\t<div data-elementor-type=\"wp-page\" data-elementor-id=\"12\" class=\"elementor elementor-12\">\n\t\t\t\t\t\t<section class=\"penci-section penci-dmcheck penci-elbg-activate penci-disSticky penci-structure-10 elementor-section elementor-top-section elementor-element elementor-element-3e694fc elementor-section-boxed elementor-section-height-default elementor-section-height-default\" data-id=\"3e694fc\" data-element_type=\"section\" data-settings=\"{&quot;background_background&quot;:&quot;classic&quot;}\">\n\t\t\t\t\t\t<div class=\"elementor-container elementor-column-gap-no\">\n\t\t\t\t\t<div class=\"penci-ercol-100 penci-ercol-order-1 penci-sticky-ct    elementor-column elementor-col-100 elementor-top-column elementor-element elementor-element-326802c\" data-id=\"326802c\" data-element_type=\"column\">\n\t\t\t<div class=\"elementor-widget-wrap elementor-element-populated\">\n\t\t\t\t\t\t<div class=\"elementor-element elementor-element-3dc5de6 elementor-widget elementor-widget-penci-fancy_heading\" data-id=\"3dc5de6\" data-element_type=\"widget\" data-widget_type=\"penci-fancy_heading.default\">\n\t\t\t\t<div class=\"elementor-widget-container\">\n\t\t\t\t\t\t\t<div class=\"penci-fancy-heading penci-heading-text-center\">\n\t\t\t<div class=\"penci-fancy-heading-inner\">\n\t\t\t\t<h2 class=\"penci-heading-title\"><span class=\"inner-tit\">Il nostro impegno per l'eleganza autentica<\/span><\/h2><div class=\"penci-heading-content entry-content\"><p>Da sempre, ci dedichiamo a creare capi che uniscono tradizione sartoriale e innovazione. Ogni collezione nasce dall\u2019amore per la qualit\u00e0, l\u2019artigianalit\u00e0 e il vero Made in Italy. Il nostro obiettivo \u00e8 offrire un\u2019esperienza di stile senza compromessi, dove ogni dettaglio \u00e8 curato con passione e attenzione. Ogni prodotto racconta una storia di eleganza senza tempo, pensata per l\u2019uomo moderno e sofisticato.<\/p>\n<\/div>\t\t\t<\/div>\n\t\t<\/div>\n\t\t\t\t\t\t<\/div>\n\t\t\t\t<\/div>\n\t\t\t\t\t<\/div>\n\t\t<\/div>\n\t\t\t\t\t<\/div>\n\t\t<\/section>\n\t\t\t\t<section class=\"penci-section penci-disSticky penci-structure-10 elementor-section elementor-top-section elementor-element elementor-element-378ad45 elementor-section-boxed elementor-section-height-default elementor-section-height-default\" data-id=\"378ad45\" data-element_type=\"section\">\n\t\t\t\t\t\t<div class=\"elementor-container elementor-column-gap-no\">\n\t\t\t\t\t<div class=\"penci-ercol-100 penci-ercol-order-1 penci-sticky-ct    elementor-column elementor-col-100 elementor-top-column elementor-element elementor-element-73ebd7e\" data-id=\"73ebd7e\" data-element_type=\"column\">\n\t\t\t<div class=\"elementor-widget-wrap elementor-element-populated\">\n\t\t\t\t\t\t<div class=\"elementor-element elementor-element-f0a5b09 elementor-widget elementor-widget-image\" data-id=\"f0a5b09\" data-element_type=\"widget\" data-widget_type=\"image.default\">\n\t\t\t\t<div class=\"elementor-widget-container\">\n\t\t\t\t\t\t\t\t\t\t\t\t\t\t\t<img fetchpriority=\"high\" decoding=\"async\" width=\"1170\" height=\"780\" src=\"https:\/\/proviinfor.media\/wp-content\/uploads\/2025\/05\/11.webp\" class=\"attachment-full size-full wp-image-2322\" alt=\"\" srcset=\"https:\/\/proviinfor.media\/wp-content\/uploads\/2025\/05\/11.webp 1170w, https:\/\/proviinfor.media\/wp-content\/uploads\/2025\/05\/11-300x200.webp 300w, https:\/\/proviinfor.media\/wp-content\/uploads\/2025\/05\/11-600x400.webp 600w, https:\/\/proviinfor.media\/wp-content\/uploads\/2025\/05\/11-1024x683.webp 1024w, https:\/\/proviinfor.media\/wp-content\/uploads\/2025\/05\/11-768x512.webp 768w, https:\/\/proviinfor.media\/wp-content\/uploads\/2025\/05\/11-585x390.webp 585w, https:\/\/proviinfor.media\/wp-content\/uploads\/2025\/05\/11-263x175.webp 263w\" sizes=\"(max-width: 1170px) 100vw, 1170px\" \/>\t\t\t\t\t\t\t\t\t\t\t\t\t\t\t<\/div>\n\t\t\t\t<\/div>\n\t\t\t\t<section class=\"penci-section penci-disSticky penci-structure-20 elementor-section elementor-inner-section elementor-element elementor-element-5e177f2 elementor-section-boxed elementor-section-height-default elementor-section-height-default\" data-id=\"5e177f2\" data-element_type=\"section\">\n\t\t\t\t\t\t<div class=\"elementor-container elementor-column-gap-extended\">\n\t\t\t\t\t<div class=\"penci-ercol-50 penci-ercol-order-1 penci-sticky-ct    elementor-column elementor-col-50 elementor-inner-column elementor-element elementor-element-a7d30f7\" data-id=\"a7d30f7\" data-element_type=\"column\">\n\t\t\t<div class=\"elementor-widget-wrap elementor-element-populated\">\n\t\t\t\t\t\t<div class=\"elementor-element elementor-element-e1b80f3 elementor-widget elementor-widget-penci-fancy_heading\" data-id=\"e1b80f3\" data-element_type=\"widget\" data-widget_type=\"penci-fancy_heading.default\">\n\t\t\t\t<div class=\"elementor-widget-container\">\n\t\t\t\t\t\t\t<div class=\"penci-fancy-heading penci-heading-text-left\">\n\t\t\t<div class=\"penci-fancy-heading-inner\">\n\t\t\t\t<h2 class=\"penci-heading-title\"><span class=\"inner-tit\">La nostra storia<\/span><\/h2><div class=\"penci-heading-content entry-content\"><p>La nostra storia inizia con una semplice passione per la moda e il desiderio di portare un po\u2019 di eleganza italiana nel mondo. Fondata da un gruppo di artigiani e designer, l\u2019azienda \u00e8 cresciuta con l\u2019obiettivo di coniugare tradizione e innovazione. Ogni passo, ogni collezione racconta il nostro impegno per la qualit\u00e0 e la ricerca di materiali unici, direttamente dalle terre italiane. Nel corso degli anni, abbiamo costruito un marchio che rappresenta l\u2019autenticit\u00e0, l\u2019eleganza senza tempo e l\u2019artigianalit\u00e0 in ogni sua forma. Oggi, continuiamo a portare avanti questa visione, evolvendoci con il tempo, ma rimanendo fedeli ai nostri principi.<\/p>\n<\/div>\t\t\t<\/div>\n\t\t<\/div>\n\t\t\t\t\t\t<\/div>\n\t\t\t\t<\/div>\n\t\t\t\t\t<\/div>\n\t\t<\/div>\n\t\t\t\t<div class=\"penci-ercol-50 penci-ercol-order-2 penci-sticky-ct    elementor-column elementor-col-50 elementor-inner-column elementor-element elementor-element-9686ecd\" data-id=\"9686ecd\" data-element_type=\"column\">\n\t\t\t<div class=\"elementor-widget-wrap elementor-element-populated\">\n\t\t\t\t\t\t<div class=\"elementor-element elementor-element-19f7063 elementor-widget elementor-widget-penci-fancy_heading\" data-id=\"19f7063\" data-element_type=\"widget\" data-widget_type=\"penci-fancy_heading.default\">\n\t\t\t\t<div class=\"elementor-widget-container\">\n\t\t\t\t\t\t\t<div class=\"penci-fancy-heading penci-heading-text-left\">\n\t\t\t<div class=\"penci-fancy-heading-inner\">\n\t\t\t\t<h2 class=\"penci-heading-title\"><span class=\"inner-tit\">La nostra missione<\/span><\/h2><div class=\"penci-heading-content entry-content\"><p>La nostra missione \u00e8 offrire a ogni uomo l\u2019opportunit\u00e0 di esprimere la propria personalit\u00e0 attraverso capi di alta qualit\u00e0 e design senza tempo. Ci impegniamo a garantire che ogni nostro prodotto sia un perfetto equilibrio tra comfort, eleganza e funzionalit\u00e0. Vogliamo che i nostri clienti si sentano sicuri, eleganti e liberi di essere se stessi, ogni giorno. La nostra attenzione al dettaglio, dalla scelta dei tessuti alla rifinitura finale, \u00e8 ci\u00f2 che ci distingue. Crediamo che ogni capo che indossi debba raccontare una storia, la tua storia, con classe e raffinatezza.<\/p>\n<\/div>\t\t\t<\/div>\n\t\t<\/div>\n\t\t\t\t\t\t<\/div>\n\t\t\t\t<\/div>\n\t\t\t\t\t<\/div>\n\t\t<\/div>\n\t\t\t\t\t<\/div>\n\t\t<\/section>\n\t\t\t\t\t<\/div>\n\t\t<\/div>\n\t\t\t\t\t<\/div>\n\t\t<\/section>\n\t\t\t\t<section class=\"penci-section penci-dmcheck penci-elbg-activate penci-disSticky penci-structure-30 elementor-section elementor-top-section elementor-element elementor-element-3aea37b elementor-section-boxed elementor-section-height-default elementor-section-height-default\" data-id=\"3aea37b\" data-element_type=\"section\" data-settings=\"{&quot;background_background&quot;:&quot;classic&quot;}\">\n\t\t\t\t\t\t<div class=\"elementor-container elementor-column-gap-extended\">\n\t\t\t\t\t<div class=\"penci-ercol-33 penci-ercol-order-1 penci-sticky-sb penci-sidebarSC   elementor-column elementor-col-33 elementor-top-column elementor-element elementor-element-c42c380\" data-id=\"c42c380\" data-element_type=\"column\">\n\t\t\t<div class=\"elementor-widget-wrap elementor-element-populated\">\n\t\t\t\t\t\t<div class=\"elementor-element elementor-element-bd7b345 elementor-widget elementor-widget-penci-info-box\" data-id=\"bd7b345\" data-element_type=\"widget\" data-widget_type=\"penci-info-box.default\">\n\t\t\t\t<div class=\"elementor-widget-container\">\n\t\t\t\t\t        <div id=\"penci_info_box_31599\" class=\"penci-block-vc penci-info-box penci-ibox-float-left penci-view-stacked penci-shape-square\">\n            <div class=\"penci-ibox-inner\">\n\t\t\t\t\t\t\t\t<div class=\"penci-ibox-icon penci-ibox-icon--image\"><span class=\"penci-ibox-icon-fa\"><img decoding=\"async\" class=\"penci-ibox-img_active\" src=\"https:\/\/proviinfor.media\/wp-content\/uploads\/2025\/05\/12.png\" width=\"32\" height=\"32\"><img decoding=\"async\" class=\"penci-ibox-img_hover\" src=\"https:\/\/proviinfor.media\/wp-content\/uploads\/2025\/05\/12.png\" width=\"32\" height=\"32\"><\/span><\/div>                <div class=\"penci-ibox-content-wrap\">\n\t\t\t\t\t\t\t\t\t\t<h3\n                            class=\"penci-ibox-title\">Eccellenza nella qualit\u00e0<\/h3>\t\t\t\t\t\t\t\t\t\t                        <div class=\"penci-ibox-content\"><p><span style=\"font-weight: 400;\">Ogni nostro capo \u00e8 realizzato con materiali di prima scelta e rifinito con la massima attenzione ai dettagli, per garantire durata e comfort senza compromessi.<\/span><\/p>\n<\/div>\t\t\t\t\t                <\/div>\n            <\/div>\n        <\/div>\n\t\t\t\t\t\t<\/div>\n\t\t\t\t<\/div>\n\t\t\t\t\t<\/div>\n\t\t<\/div>\n\t\t\t\t<div class=\"penci-ercol-33 penci-ercol-order-2 penci-sticky-sb penci-sidebarSC   elementor-column elementor-col-33 elementor-top-column elementor-element elementor-element-a73c429\" data-id=\"a73c429\" data-element_type=\"column\">\n\t\t\t<div class=\"elementor-widget-wrap elementor-element-populated\">\n\t\t\t\t\t\t<div class=\"elementor-element elementor-element-47e2410 elementor-widget elementor-widget-penci-info-box\" data-id=\"47e2410\" data-element_type=\"widget\" data-widget_type=\"penci-info-box.default\">\n\t\t\t\t<div class=\"elementor-widget-container\">\n\t\t\t\t\t        <div id=\"penci_info_box_44994\" class=\"penci-block-vc penci-info-box penci-ibox-float-left penci-view-stacked penci-shape-square\">\n            <div class=\"penci-ibox-inner\">\n\t\t\t\t\t\t\t\t<div class=\"penci-ibox-icon penci-ibox-icon--image\"><span class=\"penci-ibox-icon-fa\"><img loading=\"lazy\" decoding=\"async\" class=\"penci-ibox-img_active\" src=\"https:\/\/proviinfor.media\/wp-content\/uploads\/2025\/05\/13.png\" width=\"32\" height=\"32\"><img loading=\"lazy\" decoding=\"async\" class=\"penci-ibox-img_hover\" src=\"https:\/\/proviinfor.media\/wp-content\/uploads\/2025\/05\/13.png\" width=\"32\" height=\"32\"><\/span><\/div>                <div class=\"penci-ibox-content-wrap\">\n\t\t\t\t\t\t\t\t\t\t<h3\n                            class=\"penci-ibox-title\">Eleganza senza tempo<\/h3>\t\t\t\t\t\t\t\t\t\t                        <div class=\"penci-ibox-content\"><p><span style=\"font-weight: 400;\">Ci impegniamo a creare design che resistano alle mode del momento, puntando su linee classiche che valorizzano la personalit\u00e0 di chi le indossa.<\/span><\/p>\n<\/div>\t\t\t\t\t                <\/div>\n            <\/div>\n        <\/div>\n\t\t\t\t\t\t<\/div>\n\t\t\t\t<\/div>\n\t\t\t\t\t<\/div>\n\t\t<\/div>\n\t\t\t\t<div class=\"penci-ercol-33 penci-ercol-order-3 penci-sticky-sb penci-sidebarSC   elementor-column elementor-col-33 elementor-top-column elementor-element elementor-element-ecafe1b\" data-id=\"ecafe1b\" data-element_type=\"column\">\n\t\t\t<div class=\"elementor-widget-wrap elementor-element-populated\">\n\t\t\t\t\t\t<div class=\"elementor-element elementor-element-a701df7 elementor-widget elementor-widget-penci-info-box\" data-id=\"a701df7\" data-element_type=\"widget\" data-widget_type=\"penci-info-box.default\">\n\t\t\t\t<div class=\"elementor-widget-container\">\n\t\t\t\t\t        <div id=\"penci_info_box_71017\" class=\"penci-block-vc penci-info-box penci-ibox-float-left penci-view-stacked penci-shape-square\">\n            <div class=\"penci-ibox-inner\">\n\t\t\t\t\t\t\t\t<div class=\"penci-ibox-icon penci-ibox-icon--image\"><span class=\"penci-ibox-icon-fa\"><img loading=\"lazy\" decoding=\"async\" class=\"penci-ibox-img_active\" src=\"https:\/\/proviinfor.media\/wp-content\/uploads\/2025\/05\/14.png\" width=\"32\" height=\"32\"><img loading=\"lazy\" decoding=\"async\" class=\"penci-ibox-img_hover\" src=\"https:\/\/proviinfor.media\/wp-content\/uploads\/2025\/05\/14.png\" width=\"32\" height=\"32\"><\/span><\/div>                <div class=\"penci-ibox-content-wrap\">\n\t\t\t\t\t\t\t\t\t\t<h3\n                            class=\"penci-ibox-title\">Passione per l'artigianalit\u00e0<\/h3>\t\t\t\t\t\t\t\t\t\t                        <div class=\"penci-ibox-content\"><p><span style=\"font-weight: 400;\">Ogni prodotto \u00e8 frutto della cura artigianale, lavorato con maestria da esperti che trasformano ogni tessuto in una vera e propria opera d\u2019arte.<\/span><\/p>\n<\/div>\t\t\t\t\t                <\/div>\n            <\/div>\n        <\/div>\n\t\t\t\t\t\t<\/div>\n\t\t\t\t<\/div>\n\t\t\t\t\t<\/div>\n\t\t<\/div>\n\t\t\t\t\t<\/div>\n\t\t<\/section>\n\t\t\t\t<\/div>\n\t\t","protected":false},"excerpt":{"rendered":"<p>Il nostro impegno per l&#8217;eleganza autentica Da sempre, ci dedichiamo a creare capi che uniscono tradizione sartoriale e innovazione. Ogni collezione nasce dall\u2019amore per la qualit\u00e0, l\u2019artigianalit\u00e0 e il vero&hellip;<\/p>\n","protected":false},"author":1,"featured_media":0,"parent":0,"menu_order":0,"comment_status":"closed","ping_status":"closed","template":"page-fullwidth.php","meta":{"footnotes":""},"class_list":["post-12","page","type-page","status-publish","hentry"],"_links":{"self":[{"href":"https:\/\/proviinfor.media\/index.php?rest_route=\/wp\/v2\/pages\/12","targetHints":{"allow":["GET"]}}],"collection":[{"href":"https:\/\/proviinfor.media\/index.php?rest_route=\/wp\/v2\/pages"}],"about":[{"href":"https:\/\/proviinfor.media\/index.php?rest_route=\/wp\/v2\/types\/page"}],"author":[{"embeddable":true,"href":"https:\/\/proviinfor.media\/index.php?rest_route=\/wp\/v2\/users\/1"}],"replies":[{"embeddable":true,"href":"https:\/\/proviinfor.media\/index.php?rest_route=%2Fwp%2Fv2%2Fcomments&post=12"}],"version-history":[{"count":10,"href":"https:\/\/proviinfor.media\/index.php?rest_route=\/wp\/v2\/pages\/12\/revisions"}],"predecessor-version":[{"id":2469,"href":"https:\/\/proviinfor.media\/index.php?rest_route=\/wp\/v2\/pages\/12\/revisions\/2469"}],"wp:attachment":[{"href":"https:\/\/proviinfor.media\/index.php?rest_route=%2Fwp%2Fv2%2Fmedia&parent=12"}],"curies":[{"name":"wp","href":"https:\/\/api.w.org\/{rel}","templated":true}]}}